{"id":19,"date":"2021-09-16T07:36:45","date_gmt":"2021-09-16T07:36:45","guid":{"rendered":"https:\/\/schulhaus-oberwald.ch\/?page_id=19"},"modified":"2024-02-29T06:32:12","modified_gmt":"2024-02-29T06:32:12","slug":"schulhaus-oberwald-im-obergoms","status":"publish","type":"page","link":"https:\/\/schulhaus-oberwald.ch\/","title":{"rendered":"Schulhaus Oberwald im Obergoms"},"content":{"rendered":"\n\n\n<p class=\"has-black-color has-text-color has-large-font-size\"><strong>Herzlich Willkommen im Schulhaus Oberwald<\/strong><\/p>\n\n\n\n<p class=\"has-black-color has-text-color has-medium-font-size\">Wir bauen das Schulhaus Oberwald zu einem Schu\u00e4lst\u00fcbli mit Raclette TakeAway und kleiner Dependance vom <mark style=\"background-color:rgba(0, 0, 0, 0)\" class=\"has-inline-color has-vivid-cyan-blue-color\"><a href=\"https:\/\/archenoah-oberwald.ch\" data-type=\"URL\" data-id=\"https:\/\/archenoah-oberwald.ch\" target=\"_blank\" rel=\"noreferrer noopener\">Gruppenhaus Arche Noah<\/a> <\/mark>um. Die oberen Stockwerke sind seit anfangs 2021 unser neues Zuhause, in dem wir uns sehr wohl f\u00fchlen. Aktuell sind wir drinnen am Umbauen um dem neuen Zweck gerecht zu werden. Allerdings m\u00f6chten wir so viel wie m\u00f6glich beim Alten lassen. Wir hoffen, sp\u00e4testens 2026 die ersten G\u00e4ste empfangen zu d\u00fcrfen und freuen uns schon sehr darauf.<\/p>\n\n\n\n<p><\/p>\n","protected":false},"excerpt":{"rendered":"<p>Herzlich Willkommen im Schulhaus Oberwald Wir bauen das Schulhaus Oberwald zu einem Schu\u00e4lst\u00fcbli mit Raclette TakeAway und kleiner Dependance vom Gruppenhaus Arche Noah um. Die oberen Stockwerke sind seit anfangs 2021 unser neues Zuhause, in dem wir uns sehr wohl <a href=\"https:\/\/schulhaus-oberwald.ch\/\" class=\"read-more\">Weiterlesen<\/a><\/p>\n","protected":false},"author":2,"featured_media":0,"parent":0,"menu_order":0,"comment_status":"closed","ping_status":"closed","template":"","meta":{"footnotes":""},"class_list":["post-19","page","type-page","status-publish","hentry"],"_links":{"self":[{"href":"https:\/\/schulhaus-oberwald.ch\/index.php?rest_route=\/wp\/v2\/pages\/19","targetHints":{"allow":["GET"]}}],"collection":[{"href":"https:\/\/schulhaus-oberwald.ch\/index.php?rest_route=\/wp\/v2\/pages"}],"about":[{"href":"https:\/\/schulhaus-oberwald.ch\/index.php?rest_route=\/wp\/v2\/types\/page"}],"author":[{"embeddable":true,"href":"https:\/\/schulhaus-oberwald.ch\/index.php?rest_route=\/wp\/v2\/users\/2"}],"replies":[{"embeddable":true,"href":"https:\/\/schulhaus-oberwald.ch\/index.php?rest_route=%2Fwp%2Fv2%2Fcomments&post=19"}],"version-history":[{"count":12,"href":"https:\/\/schulhaus-oberwald.ch\/index.php?rest_route=\/wp\/v2\/pages\/19\/revisions"}],"predecessor-version":[{"id":82,"href":"https:\/\/schulhaus-oberwald.ch\/index.php?rest_route=\/wp\/v2\/pages\/19\/revisions\/82"}],"wp:attachment":[{"href":"https:\/\/schulhaus-oberwald.ch\/index.php?rest_route=%2Fwp%2Fv2%2Fmedia&parent=19"}],"curies":[{"name":"wp","href":"https:\/\/api.w.org\/{rel}","templated":true}]}}